{"id":3006,"date":"2021-11-30T21:30:48","date_gmt":"2021-11-30T19:30:48","guid":{"rendered":"https:\/\/alushel.fi\/homepage\/"},"modified":"2025-05-27T11:31:26","modified_gmt":"2025-05-27T08:31:26","slug":"homepage","status":"publish","type":"page","link":"https:\/\/alushel.fi\/en\/","title":{"rendered":"Homepage"},"content":{"rendered":"","protected":false},"excerpt":{"rendered":"","protected":false},"author":1,"featured_media":3976,"parent":0,"menu_order":0,"comment_status":"closed","ping_status":"closed","template":"","meta":{"_acf_changed":false},"class_list":["post-3006","page","type-page","status-publish","has-post-thumbnail","hentry"],"acf":[],"yoast_head":"<!-- This site is optimized with the Yoast SEO Premium plugin v25.6 (Yoast SEO v27.4) - https:\/\/yoast.com\/product\/yoast-seo-premium-wordpress\/ -->\n<title>Bike Shelters, Bus Shelters, and Bike Racks - AluShel<\/title>\n<meta name=\"description\" content=\"Bus Shelters, Bike Shelters, Bike Racks, and Trash Bins are manufactured by the Finnish family business AluShel with over 20 years of experience!\" \/>\n<meta name=\"robots\" content=\"index, follow, max-snippet:-1, max-image-preview:large, max-video-preview:-1\" \/>\n<link rel=\"canonical\" href=\"https:\/\/alushel.fi\/en\/\" \/>\n<meta property=\"og:locale\" content=\"en_US\" \/>\n<meta property=\"og:type\" content=\"article\" \/>\n<meta property=\"og:title\" content=\"Homepage\" \/>\n<meta property=\"og:description\" content=\"Bus Shelters, Bike Shelters, Bike Racks, and Trash Bins are manufactured by the Finnish family business AluShel with over 20 years of experience!\" \/>\n<meta property=\"og:url\" content=\"https:\/\/alushel.fi\/en\/\" \/>\n<meta property=\"og:site_name\" content=\"AluShel\" \/>\n<meta property=\"article:modified_time\" content=\"2025-05-27T08:31:26+00:00\" \/>\n<meta property=\"og:image\" content=\"https:\/\/alushel.fi\/wp-content\/uploads\/2024\/04\/alushel_logo-picture.png\" \/>\n\t<meta property=\"og:image:width\" content=\"512\" \/>\n\t<meta property=\"og:image:height\" content=\"512\" \/>\n\t<meta property=\"og:image:type\" content=\"image\/png\" \/>\n<meta name=\"twitter:card\" content=\"summary_large_image\" \/>\n<script type=\"application\/ld+json\" class=\"yoast-schema-graph\">{\"@context\":\"https:\\\/\\\/schema.org\",\"@graph\":[{\"@type\":\"WebPage\",\"@id\":\"https:\\\/\\\/alushel.fi\\\/en\\\/\",\"url\":\"https:\\\/\\\/alushel.fi\\\/en\\\/\",\"name\":\"Bike Shelters, Bus Shelters, and Bike Racks - AluShel\",\"isPartOf\":{\"@id\":\"https:\\\/\\\/alushel.fi\\\/en\\\/#website\"},\"primaryImageOfPage\":{\"@id\":\"https:\\\/\\\/alushel.fi\\\/en\\\/#primaryimage\"},\"image\":{\"@id\":\"https:\\\/\\\/alushel.fi\\\/en\\\/#primaryimage\"},\"thumbnailUrl\":\"https:\\\/\\\/alushel.fi\\\/wp-content\\\/uploads\\\/2026\\\/02\\\/Ulkoluokkakatos-ja-pyorakatos-koulun-pihalla.jpeg\",\"datePublished\":\"2021-11-30T19:30:48+00:00\",\"dateModified\":\"2025-05-27T08:31:26+00:00\",\"description\":\"Bus Shelters, Bike Shelters, Bike Racks, and Trash Bins are manufactured by the Finnish family business AluShel with over 20 years of experience!\",\"breadcrumb\":{\"@id\":\"https:\\\/\\\/alushel.fi\\\/en\\\/#breadcrumb\"},\"inLanguage\":\"en-US\",\"potentialAction\":[{\"@type\":\"ReadAction\",\"target\":[\"https:\\\/\\\/alushel.fi\\\/en\\\/\"]}]},{\"@type\":\"ImageObject\",\"inLanguage\":\"en-US\",\"@id\":\"https:\\\/\\\/alushel.fi\\\/en\\\/#primaryimage\",\"url\":\"https:\\\/\\\/alushel.fi\\\/wp-content\\\/uploads\\\/2026\\\/02\\\/Ulkoluokkakatos-ja-pyorakatos-koulun-pihalla.jpeg\",\"contentUrl\":\"https:\\\/\\\/alushel.fi\\\/wp-content\\\/uploads\\\/2026\\\/02\\\/Ulkoluokkakatos-ja-pyorakatos-koulun-pihalla.jpeg\",\"width\":5504,\"height\":3072,\"caption\":\"Ulkoluokkakatos ja py\u00f6r\u00e4katos koulun pihalla\"},{\"@type\":\"BreadcrumbList\",\"@id\":\"https:\\\/\\\/alushel.fi\\\/en\\\/#breadcrumb\",\"itemListElement\":[{\"@type\":\"ListItem\",\"position\":1,\"name\":\"Etusivu\",\"item\":\"https:\\\/\\\/alushel.fi\\\/en\\\/\"},{\"@type\":\"ListItem\",\"position\":2,\"name\":\"Homepage\"}]},{\"@type\":\"WebSite\",\"@id\":\"https:\\\/\\\/alushel.fi\\\/en\\\/#website\",\"url\":\"https:\\\/\\\/alushel.fi\\\/en\\\/\",\"name\":\"AluShel\",\"description\":\"Bike shelters, bus shelters and bike storage\",\"publisher\":{\"@id\":\"https:\\\/\\\/alushel.fi\\\/en\\\/#organization\"},\"potentialAction\":[{\"@type\":\"SearchAction\",\"target\":{\"@type\":\"EntryPoint\",\"urlTemplate\":\"https:\\\/\\\/alushel.fi\\\/en\\\/?s={search_term_string}\"},\"query-input\":{\"@type\":\"PropertyValueSpecification\",\"valueRequired\":true,\"valueName\":\"search_term_string\"}}],\"inLanguage\":\"en-US\"},{\"@type\":\"Organization\",\"@id\":\"https:\\\/\\\/alushel.fi\\\/en\\\/#organization\",\"name\":\"Oy AluShel AB\",\"alternateName\":\"AluShel\",\"url\":\"https:\\\/\\\/alushel.fi\\\/en\\\/\",\"logo\":{\"@type\":\"ImageObject\",\"inLanguage\":\"en-US\",\"@id\":\"https:\\\/\\\/alushel.fi\\\/en\\\/#\\\/schema\\\/logo\\\/image\\\/\",\"url\":\"https:\\\/\\\/alushel.fi\\\/wp-content\\\/uploads\\\/2021\\\/12\\\/logo.svg\",\"contentUrl\":\"https:\\\/\\\/alushel.fi\\\/wp-content\\\/uploads\\\/2021\\\/12\\\/logo.svg\",\"width\":1,\"height\":1,\"caption\":\"Oy AluShel AB\"},\"image\":{\"@id\":\"https:\\\/\\\/alushel.fi\\\/en\\\/#\\\/schema\\\/logo\\\/image\\\/\"},\"sameAs\":[\"https:\\\/\\\/www.linkedin.com\\\/company\\\/alushel-oy\\\/\",\"https:\\\/\\\/www.youtube.com\\\/@AluShelOy\",\"https:\\\/\\\/twitter.com\\\/alushel_oy\"],\"knowsAbout\":[\"Py\u00f6r\u00e4katokset ja py\u00f6r\u00e4pys\u00e4k\u00f6inti\",\"Polkupy\u00f6r\u00e4telineet ja runkolukitus\",\"Bussikatokset ja pys\u00e4kkikatokset\",\"Roskakatos ja j\u00e4tepisteet\",\"Piharakentaminen ja ulkokalusteet\",\"Kuumasinkityt ter\u00e4srakenteet\"]}]}<\/script>\n<!-- \/ Yoast SEO Premium plugin. -->","yoast_head_json":{"title":"Bike Shelters, Bus Shelters, and Bike Racks - AluShel","description":"Bus Shelters, Bike Shelters, Bike Racks, and Trash Bins are manufactured by the Finnish family business AluShel with over 20 years of experience!","robots":{"index":"index","follow":"follow","max-snippet":"max-snippet:-1","max-image-preview":"max-image-preview:large","max-video-preview":"max-video-preview:-1"},"canonical":"https:\/\/alushel.fi\/en\/","og_locale":"en_US","og_type":"article","og_title":"Homepage","og_description":"Bus Shelters, Bike Shelters, Bike Racks, and Trash Bins are manufactured by the Finnish family business AluShel with over 20 years of experience!","og_url":"https:\/\/alushel.fi\/en\/","og_site_name":"AluShel","article_modified_time":"2025-05-27T08:31:26+00:00","og_image":[{"width":512,"height":512,"url":"https:\/\/alushel.fi\/wp-content\/uploads\/2024\/04\/alushel_logo-picture.png","type":"image\/png"}],"twitter_card":"summary_large_image","schema":{"@context":"https:\/\/schema.org","@graph":[{"@type":"WebPage","@id":"https:\/\/alushel.fi\/en\/","url":"https:\/\/alushel.fi\/en\/","name":"Bike Shelters, Bus Shelters, and Bike Racks - AluShel","isPartOf":{"@id":"https:\/\/alushel.fi\/en\/#website"},"primaryImageOfPage":{"@id":"https:\/\/alushel.fi\/en\/#primaryimage"},"image":{"@id":"https:\/\/alushel.fi\/en\/#primaryimage"},"thumbnailUrl":"https:\/\/alushel.fi\/wp-content\/uploads\/2026\/02\/Ulkoluokkakatos-ja-pyorakatos-koulun-pihalla.jpeg","datePublished":"2021-11-30T19:30:48+00:00","dateModified":"2025-05-27T08:31:26+00:00","description":"Bus Shelters, Bike Shelters, Bike Racks, and Trash Bins are manufactured by the Finnish family business AluShel with over 20 years of experience!","breadcrumb":{"@id":"https:\/\/alushel.fi\/en\/#breadcrumb"},"inLanguage":"en-US","potentialAction":[{"@type":"ReadAction","target":["https:\/\/alushel.fi\/en\/"]}]},{"@type":"ImageObject","inLanguage":"en-US","@id":"https:\/\/alushel.fi\/en\/#primaryimage","url":"https:\/\/alushel.fi\/wp-content\/uploads\/2026\/02\/Ulkoluokkakatos-ja-pyorakatos-koulun-pihalla.jpeg","contentUrl":"https:\/\/alushel.fi\/wp-content\/uploads\/2026\/02\/Ulkoluokkakatos-ja-pyorakatos-koulun-pihalla.jpeg","width":5504,"height":3072,"caption":"Ulkoluokkakatos ja py\u00f6r\u00e4katos koulun pihalla"},{"@type":"BreadcrumbList","@id":"https:\/\/alushel.fi\/en\/#breadcrumb","itemListElement":[{"@type":"ListItem","position":1,"name":"Etusivu","item":"https:\/\/alushel.fi\/en\/"},{"@type":"ListItem","position":2,"name":"Homepage"}]},{"@type":"WebSite","@id":"https:\/\/alushel.fi\/en\/#website","url":"https:\/\/alushel.fi\/en\/","name":"AluShel","description":"Bike shelters, bus shelters and bike storage","publisher":{"@id":"https:\/\/alushel.fi\/en\/#organization"},"potentialAction":[{"@type":"SearchAction","target":{"@type":"EntryPoint","urlTemplate":"https:\/\/alushel.fi\/en\/?s={search_term_string}"},"query-input":{"@type":"PropertyValueSpecification","valueRequired":true,"valueName":"search_term_string"}}],"inLanguage":"en-US"},{"@type":"Organization","@id":"https:\/\/alushel.fi\/en\/#organization","name":"Oy AluShel AB","alternateName":"AluShel","url":"https:\/\/alushel.fi\/en\/","logo":{"@type":"ImageObject","inLanguage":"en-US","@id":"https:\/\/alushel.fi\/en\/#\/schema\/logo\/image\/","url":"https:\/\/alushel.fi\/wp-content\/uploads\/2021\/12\/logo.svg","contentUrl":"https:\/\/alushel.fi\/wp-content\/uploads\/2021\/12\/logo.svg","width":1,"height":1,"caption":"Oy AluShel AB"},"image":{"@id":"https:\/\/alushel.fi\/en\/#\/schema\/logo\/image\/"},"sameAs":["https:\/\/www.linkedin.com\/company\/alushel-oy\/","https:\/\/www.youtube.com\/@AluShelOy","https:\/\/twitter.com\/alushel_oy"],"knowsAbout":["Py\u00f6r\u00e4katokset ja py\u00f6r\u00e4pys\u00e4k\u00f6inti","Polkupy\u00f6r\u00e4telineet ja runkolukitus","Bussikatokset ja pys\u00e4kkikatokset","Roskakatos ja j\u00e4tepisteet","Piharakentaminen ja ulkokalusteet","Kuumasinkityt ter\u00e4srakenteet"]}]}},"_links":{"self":[{"href":"https:\/\/alushel.fi\/en\/wp-json\/wp\/v2\/pages\/3006","targetHints":{"allow":["GET"]}}],"collection":[{"href":"https:\/\/alushel.fi\/en\/wp-json\/wp\/v2\/pages"}],"about":[{"href":"https:\/\/alushel.fi\/en\/wp-json\/wp\/v2\/types\/page"}],"author":[{"embeddable":true,"href":"https:\/\/alushel.fi\/en\/wp-json\/wp\/v2\/users\/1"}],"replies":[{"embeddable":true,"href":"https:\/\/alushel.fi\/en\/wp-json\/wp\/v2\/comments?post=3006"}],"version-history":[{"count":10,"href":"https:\/\/alushel.fi\/en\/wp-json\/wp\/v2\/pages\/3006\/revisions"}],"predecessor-version":[{"id":3509,"href":"https:\/\/alushel.fi\/en\/wp-json\/wp\/v2\/pages\/3006\/revisions\/3509"}],"wp:featuredmedia":[{"embeddable":true,"href":"https:\/\/alushel.fi\/en\/wp-json\/wp\/v2\/media\/3976"}],"wp:attachment":[{"href":"https:\/\/alushel.fi\/en\/wp-json\/wp\/v2\/media?parent=3006"}],"curies":[{"name":"wp","href":"https:\/\/api.w.org\/{rel}","templated":true}]}}