{"id":3003,"date":"2024-02-09T01:31:32","date_gmt":"2024-02-08T23:31:32","guid":{"rendered":"https:\/\/alushel.fi\/for-designers\/"},"modified":"2025-06-17T13:53:26","modified_gmt":"2025-06-17T10:53:26","slug":"for-designers","status":"publish","type":"page","link":"https:\/\/alushel.fi\/en\/for-designers\/","title":{"rendered":"For designers"},"content":{"rendered":"","protected":false},"excerpt":{"rendered":"","protected":false},"author":1,"featured_media":0,"parent":0,"menu_order":0,"comment_status":"closed","ping_status":"closed","template":"","meta":{"_acf_changed":false},"class_list":["post-3003","page","type-page","status-publish","hentry"],"acf":[],"yoast_head":"<!-- This site is optimized with the Yoast SEO Premium plugin v25.6 (Yoast SEO v27.3) - https:\/\/yoast.com\/product\/yoast-seo-premium-wordpress\/ -->\n<title>For designers - AluShel<\/title>\n<meta name=\"description\" content=\"What should designers know about AluShel and our products? Read more, and see reference photos!\" \/>\n<meta name=\"robots\" content=\"index, follow, max-snippet:-1, max-image-preview:large, max-video-preview:-1\" \/>\n<link rel=\"canonical\" href=\"https:\/\/alushel.fi\/en\/for-designers\/\" \/>\n<meta property=\"og:locale\" content=\"en_US\" \/>\n<meta property=\"og:type\" content=\"article\" \/>\n<meta property=\"og:title\" content=\"For designers\" \/>\n<meta property=\"og:description\" content=\"What should designers know about AluShel and our products? Read more, and see reference photos!\" \/>\n<meta property=\"og:url\" content=\"https:\/\/alushel.fi\/en\/for-designers\/\" \/>\n<meta property=\"og:site_name\" content=\"AluShel\" \/>\n<meta property=\"article:modified_time\" content=\"2025-06-17T10:53:26+00:00\" \/>\n<meta property=\"og:image\" content=\"https:\/\/alushel.fi\/wp-content\/uploads\/2024\/04\/alushel_logo-picture.png\" \/>\n\t<meta property=\"og:image:width\" content=\"512\" \/>\n\t<meta property=\"og:image:height\" content=\"512\" \/>\n\t<meta property=\"og:image:type\" content=\"image\/png\" \/>\n<meta name=\"twitter:card\" content=\"summary_large_image\" \/>\n<script type=\"application\/ld+json\" class=\"yoast-schema-graph\">{\"@context\":\"https:\\\/\\\/schema.org\",\"@graph\":[{\"@type\":\"WebPage\",\"@id\":\"https:\\\/\\\/alushel.fi\\\/en\\\/for-designers\\\/\",\"url\":\"https:\\\/\\\/alushel.fi\\\/en\\\/for-designers\\\/\",\"name\":\"For designers - AluShel\",\"isPartOf\":{\"@id\":\"https:\\\/\\\/alushel.fi\\\/en\\\/#website\"},\"datePublished\":\"2024-02-08T23:31:32+00:00\",\"dateModified\":\"2025-06-17T10:53:26+00:00\",\"description\":\"What should designers know about AluShel and our products? Read more, and see reference photos!\",\"breadcrumb\":{\"@id\":\"https:\\\/\\\/alushel.fi\\\/en\\\/for-designers\\\/#breadcrumb\"},\"inLanguage\":\"en-US\",\"potentialAction\":[{\"@type\":\"ReadAction\",\"target\":[\"https:\\\/\\\/alushel.fi\\\/en\\\/for-designers\\\/\"]}]},{\"@type\":\"BreadcrumbList\",\"@id\":\"https:\\\/\\\/alushel.fi\\\/en\\\/for-designers\\\/#breadcrumb\",\"itemListElement\":[{\"@type\":\"ListItem\",\"position\":1,\"name\":\"Etusivu\",\"item\":\"https:\\\/\\\/alushel.fi\\\/en\\\/\"},{\"@type\":\"ListItem\",\"position\":2,\"name\":\"For designers\"}]},{\"@type\":\"WebSite\",\"@id\":\"https:\\\/\\\/alushel.fi\\\/en\\\/#website\",\"url\":\"https:\\\/\\\/alushel.fi\\\/en\\\/\",\"name\":\"AluShel\",\"description\":\"Bike shelters, bus shelters and bike storage\",\"publisher\":{\"@id\":\"https:\\\/\\\/alushel.fi\\\/en\\\/#organization\"},\"potentialAction\":[{\"@type\":\"SearchAction\",\"target\":{\"@type\":\"EntryPoint\",\"urlTemplate\":\"https:\\\/\\\/alushel.fi\\\/en\\\/?s={search_term_string}\"},\"query-input\":{\"@type\":\"PropertyValueSpecification\",\"valueRequired\":true,\"valueName\":\"search_term_string\"}}],\"inLanguage\":\"en-US\"},{\"@type\":\"Organization\",\"@id\":\"https:\\\/\\\/alushel.fi\\\/en\\\/#organization\",\"name\":\"Oy AluShel AB\",\"alternateName\":\"AluShel\",\"url\":\"https:\\\/\\\/alushel.fi\\\/en\\\/\",\"logo\":{\"@type\":\"ImageObject\",\"inLanguage\":\"en-US\",\"@id\":\"https:\\\/\\\/alushel.fi\\\/en\\\/#\\\/schema\\\/logo\\\/image\\\/\",\"url\":\"https:\\\/\\\/alushel.fi\\\/wp-content\\\/uploads\\\/2021\\\/12\\\/logo.svg\",\"contentUrl\":\"https:\\\/\\\/alushel.fi\\\/wp-content\\\/uploads\\\/2021\\\/12\\\/logo.svg\",\"width\":1,\"height\":1,\"caption\":\"Oy AluShel AB\"},\"image\":{\"@id\":\"https:\\\/\\\/alushel.fi\\\/en\\\/#\\\/schema\\\/logo\\\/image\\\/\"},\"sameAs\":[\"https:\\\/\\\/www.linkedin.com\\\/company\\\/alushel-oy\\\/\",\"https:\\\/\\\/www.youtube.com\\\/@AluShelOy\",\"https:\\\/\\\/twitter.com\\\/alushel_oy\"],\"knowsAbout\":[\"Py\u00f6r\u00e4katokset ja py\u00f6r\u00e4pys\u00e4k\u00f6inti\",\"Polkupy\u00f6r\u00e4telineet ja runkolukitus\",\"Bussikatokset ja pys\u00e4kkikatokset\",\"Roskakatos ja j\u00e4tepisteet\",\"Piharakentaminen ja ulkokalusteet\",\"Kuumasinkityt ter\u00e4srakenteet\"]}]}<\/script>\n<!-- \/ Yoast SEO Premium plugin. -->","yoast_head_json":{"title":"For designers - AluShel","description":"What should designers know about AluShel and our products? Read more, and see reference photos!","robots":{"index":"index","follow":"follow","max-snippet":"max-snippet:-1","max-image-preview":"max-image-preview:large","max-video-preview":"max-video-preview:-1"},"canonical":"https:\/\/alushel.fi\/en\/for-designers\/","og_locale":"en_US","og_type":"article","og_title":"For designers","og_description":"What should designers know about AluShel and our products? Read more, and see reference photos!","og_url":"https:\/\/alushel.fi\/en\/for-designers\/","og_site_name":"AluShel","article_modified_time":"2025-06-17T10:53:26+00:00","og_image":[{"width":512,"height":512,"url":"https:\/\/alushel.fi\/wp-content\/uploads\/2024\/04\/alushel_logo-picture.png","type":"image\/png"}],"twitter_card":"summary_large_image","schema":{"@context":"https:\/\/schema.org","@graph":[{"@type":"WebPage","@id":"https:\/\/alushel.fi\/en\/for-designers\/","url":"https:\/\/alushel.fi\/en\/for-designers\/","name":"For designers - AluShel","isPartOf":{"@id":"https:\/\/alushel.fi\/en\/#website"},"datePublished":"2024-02-08T23:31:32+00:00","dateModified":"2025-06-17T10:53:26+00:00","description":"What should designers know about AluShel and our products? Read more, and see reference photos!","breadcrumb":{"@id":"https:\/\/alushel.fi\/en\/for-designers\/#breadcrumb"},"inLanguage":"en-US","potentialAction":[{"@type":"ReadAction","target":["https:\/\/alushel.fi\/en\/for-designers\/"]}]},{"@type":"BreadcrumbList","@id":"https:\/\/alushel.fi\/en\/for-designers\/#breadcrumb","itemListElement":[{"@type":"ListItem","position":1,"name":"Etusivu","item":"https:\/\/alushel.fi\/en\/"},{"@type":"ListItem","position":2,"name":"For designers"}]},{"@type":"WebSite","@id":"https:\/\/alushel.fi\/en\/#website","url":"https:\/\/alushel.fi\/en\/","name":"AluShel","description":"Bike shelters, bus shelters and bike storage","publisher":{"@id":"https:\/\/alushel.fi\/en\/#organization"},"potentialAction":[{"@type":"SearchAction","target":{"@type":"EntryPoint","urlTemplate":"https:\/\/alushel.fi\/en\/?s={search_term_string}"},"query-input":{"@type":"PropertyValueSpecification","valueRequired":true,"valueName":"search_term_string"}}],"inLanguage":"en-US"},{"@type":"Organization","@id":"https:\/\/alushel.fi\/en\/#organization","name":"Oy AluShel AB","alternateName":"AluShel","url":"https:\/\/alushel.fi\/en\/","logo":{"@type":"ImageObject","inLanguage":"en-US","@id":"https:\/\/alushel.fi\/en\/#\/schema\/logo\/image\/","url":"https:\/\/alushel.fi\/wp-content\/uploads\/2021\/12\/logo.svg","contentUrl":"https:\/\/alushel.fi\/wp-content\/uploads\/2021\/12\/logo.svg","width":1,"height":1,"caption":"Oy AluShel AB"},"image":{"@id":"https:\/\/alushel.fi\/en\/#\/schema\/logo\/image\/"},"sameAs":["https:\/\/www.linkedin.com\/company\/alushel-oy\/","https:\/\/www.youtube.com\/@AluShelOy","https:\/\/twitter.com\/alushel_oy"],"knowsAbout":["Py\u00f6r\u00e4katokset ja py\u00f6r\u00e4pys\u00e4k\u00f6inti","Polkupy\u00f6r\u00e4telineet ja runkolukitus","Bussikatokset ja pys\u00e4kkikatokset","Roskakatos ja j\u00e4tepisteet","Piharakentaminen ja ulkokalusteet","Kuumasinkityt ter\u00e4srakenteet"]}]}},"_links":{"self":[{"href":"https:\/\/alushel.fi\/en\/wp-json\/wp\/v2\/pages\/3003","targetHints":{"allow":["GET"]}}],"collection":[{"href":"https:\/\/alushel.fi\/en\/wp-json\/wp\/v2\/pages"}],"about":[{"href":"https:\/\/alushel.fi\/en\/wp-json\/wp\/v2\/types\/page"}],"author":[{"embeddable":true,"href":"https:\/\/alushel.fi\/en\/wp-json\/wp\/v2\/users\/1"}],"replies":[{"embeddable":true,"href":"https:\/\/alushel.fi\/en\/wp-json\/wp\/v2\/comments?post=3003"}],"version-history":[{"count":6,"href":"https:\/\/alushel.fi\/en\/wp-json\/wp\/v2\/pages\/3003\/revisions"}],"predecessor-version":[{"id":3651,"href":"https:\/\/alushel.fi\/en\/wp-json\/wp\/v2\/pages\/3003\/revisions\/3651"}],"wp:attachment":[{"href":"https:\/\/alushel.fi\/en\/wp-json\/wp\/v2\/media?parent=3003"}],"curies":[{"name":"wp","href":"https:\/\/api.w.org\/{rel}","templated":true}]}}